{"id":134,"date":"2015-08-25T06:53:08","date_gmt":"2015-08-25T06:53:08","guid":{"rendered":"https:\/\/villaburic.com\/?page_id=134"},"modified":"2017-03-16T13:06:26","modified_gmt":"2017-03-16T13:06:26","slug":"reference","status":"publish","type":"page","link":"https:\/\/villaburic.com\/hr\/reference\/","title":{"rendered":"Reference"},"content":{"rendered":"<p><strong>Villa Buric<\/strong> &#8211; Dragi Gosti,<\/p>\n<p>Ovime bi se putem jos jednom zeljeli zahvaliti sto ste svoj odmor proveli u na\u0161oj ku\u0107i <strong>Villa Buri\u0107<\/strong>.\u00a0Nadamo se da ste se osjecali lijepo,pa Vas molimo da svoje misljenje i dojmove podijelite da drugima.\u00a0Zahvaljujemo na vremenu koje ste nam posvetili i nadamo se da \u0107emo Vas opet vidjeti kao na\u0161e goste.<\/p>\n<p>Srda\u010dan pozdrav!<\/p>\n<p><a href=\"https:\/\/villaburic.com\/hr\/\">Naslovna<\/a><\/p>\n","protected":false},"excerpt":{"rendered":"<p>Villa Buric &#8211; Dragi Gosti,<\/p>\n<p>Ovime bi se putem jos jednom zeljeli zahvaliti sto ste svoj odmor proveli u na\u0161oj ku\u0107i Villa Buri\u0107.\u00a0Nadamo se da ste se osjecali lijepo,pa Vas molimo da svoje misljenje i dojmove podijelite da drugima.\u00a0Zahvaljujemo na vremenu koje ste nam posvetili i nadamo se da \u0107emo Vas opet vidjeti kao na\u0161e goste.<\/p>\n<p>Srda\u010dan pozdrav!<\/p>\n<p>Naslovna<\/p>\n<p>  <a href=\"https:\/\/villaburic.com\/hr\/reference\/\">&nbsp;&raquo;&nbsp;Read more about: Reference &nbsp;&raquo;<\/a><\/p>\n","protected":false},"author":1,"featured_media":0,"parent":0,"menu_order":0,"comment_status":"closed","ping_status":"closed","template":"page-references.php","meta":{"footnotes":""},"acf":[],"_links":{"self":[{"href":"https:\/\/villaburic.com\/hr\/wp-json\/wp\/v2\/pages\/134\/"}],"collection":[{"href":"https:\/\/villaburic.com\/hr\/wp-json\/wp\/v2\/pages\/"}],"about":[{"href":"https:\/\/villaburic.com\/hr\/wp-json\/wp\/v2\/types\/page\/"}],"author":[{"embeddable":true,"href":"https:\/\/villaburic.com\/hr\/wp-json\/wp\/v2\/users\/1\/"}],"replies":[{"embeddable":true,"href":"https:\/\/villaburic.com\/hr\/wp-json\/wp\/v2\/comments\/?post=134"}],"version-history":[{"count":9,"href":"https:\/\/villaburic.com\/hr\/wp-json\/wp\/v2\/pages\/134\/revisions\/"}],"predecessor-version":[{"id":1918,"href":"https:\/\/villaburic.com\/hr\/wp-json\/wp\/v2\/pages\/134\/revisions\/1918\/"}],"wp:attachment":[{"href":"https:\/\/villaburic.com\/hr\/wp-json\/wp\/v2\/media\/?parent=134"}],"curies":[{"name":"wp","href":"https:\/\/api.w.org\/{rel}","templated":true}]}}