{"id":156,"date":"2015-08-27T19:24:51","date_gmt":"2015-08-27T19:24:51","guid":{"rendered":"https:\/\/villaburic.com\/?page_id=156"},"modified":"2017-07-11T08:18:02","modified_gmt":"2017-07-11T08:18:02","slug":"accommodation-booking-private","status":"publish","type":"page","link":"https:\/\/villaburic.com\/en\/accommodation-booking-private\/","title":{"rendered":"Info &#038; Recommendations"},"content":{"rendered":"<p>Popular restaurants and beaches, interesting excursions on the island of Krk and on the mainland Recommendations and good advice&#8230;<\/p>\n<h2>Dear Guest<\/h2>\n<p>Please also leave here on our website a little track of your wonderful experiences. Share your favorite moments with us&#8230;<\/p>\n<ul class=\"beach-map-legend\"><li><img decoding=\"async\" src=\"https:\/\/maps.google.com\/mapfiles\/ms\/micons\/grn-pushpin.png\"> Kiesel Strand | \u0160ljun\u010dana pla\u017ea | Pebble Beach<\/li><li><img decoding=\"async\" src=\"https:\/\/maps.google.com\/mapfiles\/ms\/micons\/purple-pushpin.png\"> Strand f\u00fcr Hunde | Pla\u017ea za pse | Beach for Dogs<\/li><li><img decoding=\"async\" src=\"https:\/\/maps.google.com\/mapfiles\/ms\/micons\/blue-pushpin.png\"> Sand Strand | Pje\u0161\u0107ana pla\u017ea | Sand Beach<\/li><li><img decoding=\"async\" src=\"https:\/\/maps.google.com\/mapfiles\/ms\/micons\/pink-pushpin.png\"> Nudisten Strand | Nudisti\u010dka pla\u017ea | Nudist Beach<\/li><\/ul><div id=\"google-map\"><div class=\"google-maps-loader\"><i class=\"fa fa-spinner fa-pulse fa-3x fa-fw\"><\/i><\/div><!-- \/.google-maps-loader --><\/div><!-- \/#google-map -->\n","protected":false},"excerpt":{"rendered":"<p>Popular restaurants and beaches, interesting excursions on the island of Krk and on the mainland Recommendations and good advice&#8230;<\/p>\n<p>Dear Guest<\/p>\n<p>Please also leave here on our website a little track of your wonderful experiences. Share your favorite moments with us&#8230;<\/p>\n<p>  <a href=\"https:\/\/villaburic.com\/en\/accommodation-booking-private\/\">&nbsp;&raquo;&nbsp;Read more about: Info &#038; Recommendations &nbsp;&raquo;<\/a><\/p>\n","protected":false},"author":1,"featured_media":0,"parent":0,"menu_order":0,"comment_status":"closed","ping_status":"open","template":"template-preporuke.php","meta":{"footnotes":""},"acf":[],"_links":{"self":[{"href":"https:\/\/villaburic.com\/en\/wp-json\/wp\/v2\/pages\/156\/"}],"collection":[{"href":"https:\/\/villaburic.com\/en\/wp-json\/wp\/v2\/pages\/"}],"about":[{"href":"https:\/\/villaburic.com\/en\/wp-json\/wp\/v2\/types\/page\/"}],"author":[{"embeddable":true,"href":"https:\/\/villaburic.com\/en\/wp-json\/wp\/v2\/users\/1\/"}],"replies":[{"embeddable":true,"href":"https:\/\/villaburic.com\/en\/wp-json\/wp\/v2\/comments\/?post=156"}],"version-history":[{"count":9,"href":"https:\/\/villaburic.com\/en\/wp-json\/wp\/v2\/pages\/156\/revisions\/"}],"predecessor-version":[{"id":3266,"href":"https:\/\/villaburic.com\/en\/wp-json\/wp\/v2\/pages\/156\/revisions\/3266\/"}],"wp:attachment":[{"href":"https:\/\/villaburic.com\/en\/wp-json\/wp\/v2\/media\/?parent=156"}],"curies":[{"name":"wp","href":"https:\/\/api.w.org\/{rel}","templated":true}]}}